{"id":97,"date":"2020-09-22T10:19:18","date_gmt":"2020-09-22T08:19:18","guid":{"rendered":"http:\/\/connec-team.fr\/?page_id=97"},"modified":"2023-06-20T18:37:43","modified_gmt":"2023-06-20T16:37:43","slug":"connecteam-office","status":"publish","type":"page","link":"https:\/\/connec-team.fr\/index.php\/connecteam-office\/","title":{"rendered":"Connec\u2019 @OFFICE"},"content":{"rendered":"<div  data-label=\"About\" data-id=\"about--1\" data-export-id=\"about-10\" data-category=\"about\" class=\"about-10 content-section content-section-spacing\" id=\"about-1\" style=\"background-color: rgb(255, 255, 255);\"><div  class=\"gridContainer\"> <div  class=\"row middle-sm text-center\"><div  class=\"col-sm-5 space-bottom-xs content-column\" data-type=\"column\"> <img decoding=\"async\"  class=\"custom-image\" src=\"https:\/\/connec-team.fr\/wp-content\/uploads\/2023\/06\/cropped-cropped-Connec-Noir-By-Phone-IT-\u00a9-1.png\" alt=\"\" title=\"cropped-cropped-Connec-Noir-By-Phone-IT-\u00a9-1.png\"><h5  class=\"\">SYSTEME<br >\nTELEPHONIQUE<br >\n<span  style=\"font-weight: 300; color: rgb(154, 221, 15);\">via Internet<\/span><\/h5>  <p  class=\"\">La solution ConnecTeam @OFFICE permet l\u2019acheminement des communications t\u00e9l\u00e9phoniques via un lien IP, le renvoi d\u2019appels par NDI ou par SDA, l\u2019acc\u00e8s \u00e0 une interface d\u2019administration avanc\u00e9e et la s\u00e9curisation des services.<\/p> <a class=\"button color1\" href=\"#\" target=\"_self\" data-cp-link=\"1\" data-icon=\"\" rel=\"noopener noreferrer\">En savoir plus<\/a><\/div> <div  class=\"col-sm-7 flexbox middle-xs center-xs space-bottom-xs\"><div  class=\"overlay-box middle-xs center-xs flexbox\"> <div  class=\"overlay-box-offset offset-border shadow-medium border-color1 hide-xs\"><\/div> <img decoding=\"async\"  class=\"shadow-large\" data-size=\"485x705\" src=\"https:\/\/connec-team.fr\/wp-content\/uploads\/2020\/09\/cropped-ipbx-connecteam.jpg\" alt=\"\" title=\"cropped-ipbx-connecteam.jpg\"><\/div> <\/div><\/div> <\/div><\/div><div  data-label=\"Cta\" data-id=\"cta--1\" data-export-id=\"cta-blue-section\" data-category=\"cta\" class=\"cta-blue-section content-section content-section-spacing-medium bg-color1 white-text\" id=\"cta-1\"><div  class=\"gridContainer\"> <div  class=\"row middle-xs\"><div  class=\"col-sm-8 space-bottom-xs\" data-type=\"column\"> <h2  class=\"\">T\u00e9l\u00e9charger notre documentation<\/h2> <\/div> <div  class=\"col-sm-4 end-sm\" data-type=\"column\"> <a class=\"button color2\" href=\"https:\/\/connec-team.fr\/wp-content\/uploads\/2021\/04\/A4ConnecTeamRoVo.pdf\" target=\"_blank\" data-cp-link=\"1\" data-icon=\"fa-download\" rel=\"noopener\"><span  class=\"button-icon fa fa-download\"><\/span>En savoir plus<\/a><\/div> <\/div><\/div> <\/div><div  data-label=\"Content\" data-id=\"content--1\" data-export-id=\"content-8\" data-category=\"content\" class=\"content-8 content-section content-section-spacing\" id=\"content-1\" style=\"background-color: rgb(255, 255, 255); background-image: none;\"><div  class=\"gridContainer\"> <div  class=\"row middle-sm\"><div  class=\"col-sm-6 space-bottom-xs space-top-xs\" data-type=\"column\"> <img decoding=\"async\"  class=\"shadow-large\" src=\"https:\/\/connec-team.fr\/wp-content\/uploads\/2020\/09\/connecteamm-scaled.jpg\" alt=\"\" title=\"connecteamm\"><\/div> <div  class=\"col-sm-6\" data-type=\"column\"><h2  class=\"\">Quand la t\u00e9l\u00e9phonie fixe d\u2019entreprise devient mobile<\/h2> <p  class=\"\">Le Connec@OFFICE vous permet un \u00e9change sans limite et une multitude de fonctionnalit\u00e9s collaboratives.<br ><br >La technologie du concept utiliseun boitier IPBx et la solution est la plus simple \u00e0 d\u00e9ployer en mati\u00e8re de t\u00e9l\u00e9phonie d\u2019entreprise.\n<br ><br > Il vous suffit d\u2019un acc\u00e8s \u00e0 Internet pour b\u00e9n\u00e9ficier d\u2019un service 360\u00b0, innovant et fiable.<\/p> <a class=\"button color1\" href=\"#\" target=\"_self\" data-cp-link=\"1\" data-icon=\"\" rel=\"noopener noreferrer\">Demander une d\u00e9monstration<\/a><\/div> <\/div><\/div> <\/div><div  data-label=\"Cta\" data-id=\"cta--2\" data-export-id=\"cta-centered-bg-section\" data-category=\"cta\" data-section-ov=\"1\" class=\"cta-centered-bg-section content-section content-section-spacing-medium white-text\" data-parallax-depth=\"20\" id=\"cta-2\" style=\"background-color: rgb(245, 250, 253); background-image: url(&quot;https:\/\/connec-team.fr\/wp-content\/uploads\/2021\/04\/1.jpg&quot;); background-size: cover; background-position: center top;\"><div  class=\"gridContainer\"> <div  class=\"row text-center\"><div  data-type=\"column\" class=\"\"> <h2  class=\"\">Pour profiter<br >\nde cette opportunit\u00e9 ?<\/h2> <a class=\"button color2\" href=\"tel:0320303870\" target=\"_self\" data-cp-link=\"1\" data-icon=\"\" rel=\"noopener\">Contactez-nous !<\/a><\/div> <\/div><\/div> <\/div>","protected":false},"excerpt":{"rendered":"<p>SYSTEME TELEPHONIQUE via Internet La solution ConnecTeam @OFFICE permet l\u2019acheminement des communications t\u00e9l\u00e9phoniques via un lien IP, le renvoi d\u2019appels par NDI ou par SDA, l\u2019acc\u00e8s \u00e0 une interface d\u2019administration avanc\u00e9e et la s\u00e9curisation des services. En savoir plus T\u00e9l\u00e9charger notre documentation En savoir plus Quand la t\u00e9l\u00e9phonie fixe d\u2019entreprise devient mobile Le Connec@OFFICE vous&hellip; <br \/> <a class=\"read-more\" href=\"https:\/\/connec-team.fr\/index.php\/connecteam-office\/\">Read more<\/a><\/p>\n","protected":false},"author":1,"featured_media":0,"parent":0,"menu_order":0,"comment_status":"closed","ping_status":"closed","template":"pro\/page-templates\/full-width-page.php","meta":[],"_links":{"self":[{"href":"https:\/\/connec-team.fr\/index.php\/wp-json\/wp\/v2\/pages\/97"}],"collection":[{"href":"https:\/\/connec-team.fr\/index.php\/wp-json\/wp\/v2\/pages"}],"about":[{"href":"https:\/\/connec-team.fr\/index.php\/wp-json\/wp\/v2\/types\/page"}],"author":[{"embeddable":true,"href":"https:\/\/connec-team.fr\/index.php\/wp-json\/wp\/v2\/users\/1"}],"replies":[{"embeddable":true,"href":"https:\/\/connec-team.fr\/index.php\/wp-json\/wp\/v2\/comments?post=97"}],"version-history":[{"count":10,"href":"https:\/\/connec-team.fr\/index.php\/wp-json\/wp\/v2\/pages\/97\/revisions"}],"predecessor-version":[{"id":456,"href":"https:\/\/connec-team.fr\/index.php\/wp-json\/wp\/v2\/pages\/97\/revisions\/456"}],"wp:attachment":[{"href":"https:\/\/connec-team.fr\/index.php\/wp-json\/wp\/v2\/media?parent=97"}],"curies":[{"name":"wp","href":"https:\/\/api.w.org\/{rel}","templated":true}]}}