{"id":92,"date":"2020-09-22T10:18:37","date_gmt":"2020-09-22T08:18:37","guid":{"rendered":"http:\/\/connec-team.fr\/?page_id=92"},"modified":"2023-06-20T18:38:34","modified_gmt":"2023-06-20T16:38:34","slug":"connecteam-link","status":"publish","type":"page","link":"https:\/\/connec-team.fr\/index.php\/connecteam-link\/","title":{"rendered":"Connec\u2019 @LINK"},"content":{"rendered":"<div  data-label=\"About\" data-id=\"about--1\" data-export-id=\"about-10\" data-category=\"about\" class=\"about-10 content-section content-section-spacing\" id=\"about-1\" style=\"background-color: rgb(255, 255, 255);\"><div  class=\"gridContainer\"> <div  class=\"row middle-sm text-center\"><div  class=\"col-sm-5 space-bottom-xs content-column\" data-type=\"column\"> <h5  class=\"\">LIEN INTERNET<br >\n&amp; CONNEXION<\/h5><img decoding=\"async\"  class=\"custom-image\" src=\"https:\/\/connec-team.fr\/wp-content\/uploads\/2023\/06\/cropped-Connec-Noir-By-Phone-IT-\u00a9-3.png\" alt=\"\" title=\"cropped-Connec-Noir-By-Phone-IT-\u00a9-3.png\">  <p  class=\"\">\n<br >50%, c\u2019est l\u2019augmentation annuelle des besoins en bande passante des utilisateurs professionnels.\u200b\n<br ><br >\nConnecTeam @LINK propose toutes les technologies disponibles pour offrir \u00e0 chaque site et \u00e0 chaque client le meilleur r\u00e9seau..\u200b\n<\/p> <a class=\"button color1\" href=\"#\" target=\"_self\" data-cp-link=\"1\" data-icon=\"\" rel=\"noopener noreferrer\">Obtenir la meilleur couverture r\u00e9seau selon ma localisation<\/a><\/div> <div  class=\"col-sm-7 flexbox middle-xs center-xs space-bottom-xs\"><div  class=\"overlay-box middle-xs center-xs flexbox\"> <div  class=\"overlay-box-offset offset-border shadow-medium border-color1 hide-xs\"><\/div> <img decoding=\"async\"  class=\"shadow-large\" data-size=\"485x705\" src=\"https:\/\/connec-team.fr\/wp-content\/uploads\/2020\/09\/cropped-nasa-1lfI7wkGWZ4-unsplash-scaled-1.jpg\" alt=\"\" title=\"cropped-nasa-1lfI7wkGWZ4-unsplash-scaled-1.jpg\"><\/div> <\/div><\/div> <\/div><\/div><div  data-label=\"Cta\" data-id=\"cta--1\" data-export-id=\"cta-blue-section\" data-category=\"cta\" class=\"cta-blue-section content-section content-section-spacing-medium bg-color1 white-text\" id=\"cta-1\"><div  class=\"gridContainer\"> <div  class=\"row middle-xs\"><div  class=\"col-sm-8 space-bottom-xs\" data-type=\"column\"> <h2  class=\"\">Vous souhaitez en savoir plus ?<\/h2> <\/div> <div  class=\"col-sm-4 end-sm\" data-type=\"column\"> <a class=\"button color2\" href=\"https:\/\/connec-team.fr\/index.php\/contact\" target=\"_blank\" data-cp-link=\"1\" data-icon=\"\" rel=\"noopener noreferrer\">Plus d\u2019informations<\/a><\/div> <\/div><\/div> <\/div><div  data-label=\"Clients\" data-id=\"clients--2\" data-export-id=\"clients-1\" data-category=\"clients\" class=\"clients-1 content-section content-section-spacing dark-text\" id=\"clients-2\" style=\"background-color: rgb(255, 255, 255);\"><div  class=\"gridContainer\"> <div  class=\"row middle-sm\"><div  data-type=\"column\" class=\"col-sm-6 space-bottom-xs\"> <h2  class=\"font-700\">Nos partenaires :<\/h2> <p  class=\"lead\">En tant qu\u2019op\u00e9rateur de qualit\u00e9,le groupe IT &amp; You s\u2019appuie sur les meilleurs infrastructures de lien Internet, reserv\u00e9s aux professionnels.<\/p><\/div> <div  class=\"col-sm-6\"><div  data-type=\"row\" class=\"row spaced-cols center-xs padding-lr\"> <div  class=\"col-xs-3 col-md-4\"> <img decoding=\"async\"  src=\"https:\/\/connec-team.fr\/wp-content\/uploads\/2020\/09\/Axione-Logo-sans-fond-1.png\" class=\"desaturate\" alt=\"\" title=\"Axione-Logo-sans-fond-1\"><\/div> <div  class=\"col-xs-3 col-md-4\"> <img decoding=\"async\"  src=\"https:\/\/connec-team.fr\/wp-content\/uploads\/2020\/09\/arton153.png\" class=\"desaturate\" alt=\"\" title=\"arton153\"><\/div> <div  class=\"col-xs-3 col-md-4\"> <img decoding=\"async\"  src=\"https:\/\/connec-team.fr\/wp-content\/uploads\/2020\/09\/logo_kosc_telecom_big.png\" class=\"desaturate\" alt=\"\" title=\"logo_kosc_telecom_big\"><\/div> <div  class=\"col-xs-3 col-md-4\"> <img decoding=\"async\"  src=\"https:\/\/connec-team.fr\/wp-content\/uploads\/2020\/09\/logoeurafibre.jpg\" class=\"desaturate\" alt=\"\" title=\"logoeurafibre\"><\/div><div  class=\"col-xs-3 col-md-4\"> <img decoding=\"async\"  src=\"https:\/\/connec-team.fr\/wp-content\/uploads\/2020\/09\/unnamed.png\" class=\"desaturate\" alt=\"\" title=\"unnamed\"><\/div><div  class=\"col-xs-3 col-md-4\"> <img decoding=\"async\"  src=\"https:\/\/connec-team.fr\/wp-content\/uploads\/2020\/09\/Logo_Altitude_Infrastructure.png\" class=\"desaturate\" alt=\"\" title=\"Logo_Altitude_Infrastructure\"><\/div> <\/div><\/div> <\/div><\/div> <\/div><div  data-label=\"Cta\" data-id=\"cta--2\" data-export-id=\"cta-centered-bg-section\" data-category=\"cta\" data-section-ov=\"1\" class=\"cta-centered-bg-section content-section content-section-spacing-medium white-text\" data-parallax-depth=\"20\" id=\"cta-2\" style=\"background-color: rgb(255, 255, 255); background-image: url(&quot;https:\/\/connec-team.fr\/wp-content\/uploads\/2021\/04\/Sans-titre.jpg&quot;); background-size: cover; background-position: center top;\"><div  class=\"gridContainer\"> <div  class=\"row text-center\"><div  data-type=\"column\" class=\"\"> <h2  class=\"\">\n<br ><br ><span  style=\"color: rgb(154, 221, 15);\">Testons votre \u00e9ligibilit\u00e9 \u00e0 la Fibre\n<\/span><br ><br ><span  class=\"font-300\"><\/span><\/h2> <a class=\"button color2\" href=\"tel:0320303870\" target=\"_self\" data-cp-link=\"1\" data-icon=\"\" rel=\"noopener\"> TESTEZ VOTRE \u00c9LIGIBILIT\u00c9 AVEC UN DE NOS EXPERTS<\/a><\/div> <\/div><\/div> <\/div><div  data-label=\"Pricing\" data-id=\"pricing--1\" data-export-id=\"pricing-1\" data-category=\"pricing\" data-featured-class=\"pricing-featured\" class=\"pricing-1 content-section content-section-spacing\" id=\"pricing-1\" style=\"background-color: rgb(255, 255, 255); background-image: none;\"><div  class=\"gridContainer\"> <div  class=\"row\"><div  data-type=\"column\" class=\"section-title-col\"> <h2  class=\"text-center\">Les types de technologies :<\/h2> <p  class=\"lead\">Le choix du routeur doit se faire en fonction de la liaison, du d\u00e9bit mais aussi en fonction des services attendus.<\/p><\/div> <\/div> <div  data-type=\"row\" class=\"row spaced-cols\"> <div  class=\"col-xs-12 col-sm-6 text-center col-md-4 \"> <div  class=\"card shadow-small rounded\" data-default=\"shadow-small\" data-featured=\"shadow-large\" data-type=\"column\">  <h3  class=\"h1\">xDSL<\/h3>   <a class=\"button upper y-move color2\" href=\"https:\/\/connec-team.fr\/wp-content\/uploads\/2020\/09\/Capture-de\u0301cran-2020-09-25-a\u0300-14.57.10.png\" data-default=\"color1\" data-featured=\"color2\" target=\"_blank\" data-cp-link=\"1\" data-icon=\"fa-wifi\" rel=\"noopener noreferrer\"><span  class=\"button-icon fa fa-wifi\"><\/span>En savoir plus<\/a><\/div> <\/div> <div  class=\"col-xs-12 col-sm-6 text-center pricing-featured col-md-4 \"> <div  class=\"card rounded shadow-large\" data-default=\"shadow-small\" data-featured=\"shadow-large\" data-type=\"column\">  <h3  class=\"h1\">FFTx<\/h3>   <a class=\"button upper y-move color2\" href=\"https:\/\/connec-team.fr\/wp-content\/uploads\/2020\/09\/Capture-de\u0301cran-2020-09-25-a\u0300-14.57.10.png\" data-default=\"color1\" data-featured=\"color2\" target=\"_blank\" data-cp-link=\"1\" data-icon=\"fa-wifi\" rel=\"noopener noreferrer\"><span  class=\"button-icon fa fa-wifi\"><\/span>En savoir plus<\/a><\/div> <\/div> <div  class=\"col-xs-12 col-sm-6 text-center col-md-4 \"> <div  class=\"card shadow-small rounded\" data-default=\"shadow-small\" data-featured=\"shadow-large\" data-type=\"column\">  <h3  class=\"h1\">4G &amp; 5G<\/h3>   <a class=\"button upper y-move color1\" href=\"https:\/\/connec-team.fr\/wp-content\/uploads\/2020\/09\/Capture-de\u0301cran-2020-09-25-a\u0300-14.57.10.png\" data-default=\"color1\" data-featured=\"color2\" target=\"_blank\" data-cp-link=\"1\" data-icon=\"fa-signal\" rel=\"noopener noreferrer\"><span  class=\"button-icon fa fa-signal\"><\/span>En savoir plus<\/a><\/div> <\/div> <\/div> <\/div><\/div>","protected":false},"excerpt":{"rendered":"<p>LIEN INTERNET &amp; CONNEXION 50%, c\u2019est l\u2019augmentation annuelle des besoins en bande passante des utilisateurs professionnels.\u200b ConnecTeam @LINK propose toutes les technologies disponibles pour offrir \u00e0 chaque site et \u00e0 chaque client le meilleur r\u00e9seau..\u200b Obtenir la meilleur couverture r\u00e9seau selon ma localisation Vous souhaitez en savoir plus ? Plus d\u2019informations Nos partenaires : En&hellip; <br \/> <a class=\"read-more\" href=\"https:\/\/connec-team.fr\/index.php\/connecteam-link\/\">Read more<\/a><\/p>\n","protected":false},"author":1,"featured_media":0,"parent":0,"menu_order":0,"comment_status":"closed","ping_status":"closed","template":"pro\/page-templates\/full-width-page.php","meta":[],"_links":{"self":[{"href":"https:\/\/connec-team.fr\/index.php\/wp-json\/wp\/v2\/pages\/92"}],"collection":[{"href":"https:\/\/connec-team.fr\/index.php\/wp-json\/wp\/v2\/pages"}],"about":[{"href":"https:\/\/connec-team.fr\/index.php\/wp-json\/wp\/v2\/types\/page"}],"author":[{"embeddable":true,"href":"https:\/\/connec-team.fr\/index.php\/wp-json\/wp\/v2\/users\/1"}],"replies":[{"embeddable":true,"href":"https:\/\/connec-team.fr\/index.php\/wp-json\/wp\/v2\/comments?post=92"}],"version-history":[{"count":25,"href":"https:\/\/connec-team.fr\/index.php\/wp-json\/wp\/v2\/pages\/92\/revisions"}],"predecessor-version":[{"id":458,"href":"https:\/\/connec-team.fr\/index.php\/wp-json\/wp\/v2\/pages\/92\/revisions\/458"}],"wp:attachment":[{"href":"https:\/\/connec-team.fr\/index.php\/wp-json\/wp\/v2\/media?parent=92"}],"curies":[{"name":"wp","href":"https:\/\/api.w.org\/{rel}","templated":true}]}}