{"id":6,"date":"2020-09-21T10:08:38","date_gmt":"2020-09-21T08:08:38","guid":{"rendered":"http:\/\/connec-team.fr\/index.php\/mesmerize-pro\/"},"modified":"2023-06-20T18:34:27","modified_gmt":"2023-06-20T16:34:27","slug":"mesmerize-pro","status":"publish","type":"page","link":"https:\/\/connec-team.fr\/","title":{"rendered":"Front Page"},"content":{"rendered":"<div  data-label=\"connectteampack\" data-id=\"overlappable--1\" data-export-id=\"overlappable-2\" data-category=\"overlappable\" class=\"overlappable-2 content-section content-section-spacing\" data-overlap=\"true\" id=\"connectteampack\" style=\"background-color: rgb(255, 255, 255);\"><div  class=\"gridContainer\"> <div  class=\"row middle-sm shadow-medium bg-color-white\"><div  class=\"col-xs-12 col-sm-4 top-sm col-padding col-padding-xs\" data-type=\"column\"> <h3  class=\"font-300\"><span  style=\"font-weight: 700;\">Facilitez la gestion des \u00e9changes \u00e0 travers des outils de communication efficaces :<\/span><\/h3> <p  class=\"\">D\u00e9couvrez nos concept pour communiquer efficacement\u200b\n<\/p> <a class=\"button y-move big color1\" href=\"https:\/\/connec-team.fr\/index.php\/contact\" target=\"_blank\" data-cp-link=\"1\" data-icon=\"\" rel=\"noopener noreferrer\">Planifier une d\u00e9monstration<\/a><\/div> <div  class=\"col-xs-12 col-sm-8\"><div  data-type=\"row\" class=\"row\"> <div  class=\"col-xs-12 col-sm-6 col-padding col-padding-small-xs\"><img decoding=\"async\"  class=\"custom-image\" src=\"https:\/\/connec-team.fr\/wp-content\/uploads\/2023\/06\/cropped-Connec-Noir-By-Phone-IT-\u00a9-3.png\" alt=\"\" title=\"cropped-Connec-Noir-By-Phone-IT-\u00a9-3.png\"> <h5  class=\"\">LIEN INTERNET\n<br >&amp; CONNEXION<\/h5> <p  class=\"\">Des offres op\u00e9rateurs professionnelles avec un d\u00e9ploiement rapide et efficace via ConnecTeam <span  style=\"color: rgb(107, 124, 147);\">@Link.<\/span><\/p><a class=\"button color2\" href=\"https:\/\/connec-team.fr\/index.php\/connecteam-link\" target=\"_blank\" data-cp-link=\"1\" data-icon=\"\" rel=\"noopener noreferrer\">ConnecTeam @LINK<\/a><\/div> <div  class=\"col-xs-12 col-sm-6 col-padding col-padding-small-xs\"><img decoding=\"async\"  class=\"custom-image\" src=\"https:\/\/connec-team.fr\/wp-content\/uploads\/2023\/06\/cropped-Connec-Noir-By-Phone-IT-\u00a9-1.png\" alt=\"\" title=\"cropped-Connec-Noir-By-Phone-IT-\u00a9-1.png\"> <h5  class=\"\">SYSTEME\n<br >TELEPHONIQUE\n\n<br ><span  style=\"font-weight: 300; color: rgb(154, 221, 15);\">via Internet<\/span><\/h5> <p  class=\"\">Une t\u00e9l\u00e9phonie enti\u00e8rement nouvelle via Internet incluant t\u00e9l\u00e9phonie, conf\u00e9rence vid\u00e9o, fax ou chat. Un concept flexible pour s\u2019adapter \u00e0 votre entreprise, qu\u2019elle qu\u2019en soit la taille.\nSoyez pr\u00eat pour l\u2019avenir avec ConnecTeam@Office !<\/p><a class=\"button color2\" href=\"https:\/\/connec-team.fr\/index.php\/connecteam-office\" target=\"_blank\" data-cp-link=\"1\" data-icon=\"\" rel=\"noopener noreferrer\">ConnecTeam @OFFICE<\/a><\/div> <div  class=\"col-xs-12 col-sm-6 col-padding col-padding-small-xs\"><img decoding=\"async\"  class=\"custom-image\" src=\"https:\/\/connec-team.fr\/wp-content\/uploads\/2023\/06\/cropped-Connec-Noir-By-Phone-IT-\u00a9.png\" alt=\"\" title=\"cropped-Connec-Noir-By-Phone-IT-\u00a9.png\"> <h5  class=\"\">SYSTEME<br >\nTELEPHONIQUE<br >\n<span  style=\"font-weight: 300; color: rgb(154, 221, 15);\">heb\u00e9rg\u00e9 dans le Cloud<\/span><\/h5> <p  class=\"\">Le ConnecTeam Cloud met \u00e0 votre disposition un vaste champ d\u2019option h\u00e9berg\u00e9 dans le cloud :\u200b<br >\nVisio conf\u00e9rence\u200b, Serveur Vocal Interactif\u200b, Call Center, etc.<\/p><a class=\"button color2\" href=\"https:\/\/connec-team.fr\/index.php\/connecteam-cloud\" target=\"_blank\" data-cp-link=\"1\" data-icon=\"\" rel=\"noopener noreferrer\">ConnecTeam @CLOUD<\/a><\/div> <div  class=\"col-xs-12 col-sm-6 col-padding col-padding-small-xs\">  <img decoding=\"async\"  class=\"custom-image\" src=\"https:\/\/connec-team.fr\/wp-content\/uploads\/2023\/06\/cropped-Connec-Noir-By-Phone-IT-\u00a9-2.png\" alt=\"\" title=\"cropped-Connec-Noir-By-Phone-IT-\u00a9-2.png\"><h5  class=\"\">TELEPHONIE\n<br >MOBILE<\/h5> <p  class=\"\">Offre multi op\u00e9rateur transparente int\u00e9grant\u200b Orange\u200b, SFR,\u200b Bouygues T\u00e9l\u00e9com\u200b.&nbsp;<br >\n\n<br >Possibilit\u00e9 de migrer d\u2019un r\u00e9seau \u00e0 l\u2019autre\u200b, ce qui vous permet d\u2019obtenir le meilleur signal, en fonction de votre localisation !<\/p><a class=\"button color2\" href=\"https:\/\/connec-team.fr\/index.php\/connecteam-mobility\" target=\"_blank\" data-cp-link=\"1\" data-icon=\"\" rel=\"noopener noreferrer\">ConnecTeam @MOBILITY<\/a><\/div> <\/div><\/div> <\/div><\/div> <\/div><div  data-label=\"image\" data-id=\"cta--2\" data-export-id=\"cta-centered-bg-section\" data-category=\"cta\" data-section-ov=\"1\" class=\"cta-centered-bg-section content-section content-section-spacing-medium white-text\" data-parallax-depth=\"20\" id=\"image\" style=\"background-color: rgb(255, 255, 255); background-image: url(&quot;https:\/\/connec-team.fr\/wp-content\/uploads\/2021\/04\/1.jpg&quot;); background-size: cover; background-position: center top;\"><div  class=\"gridContainer\"> <div  class=\"row text-center\"><div  data-type=\"column\" class=\"\"> <h2  class=\"\">\n<br ><br ><br >\n<\/h2> <a class=\"button big color2\" href=\"https:\/\/connec-team.fr\/wp-content\/uploads\/2021\/04\/A4ConnecTeamRoVo.pdf\" target=\"_blank\" data-cp-link=\"1\" data-icon=\"fa-download\" rel=\"noopener\"><span  class=\"button-icon fa fa-download\"><\/span>T\u00e9l\u00e9charger notre documentation<\/a><p  class=\"lead\">\n<br ><br >\n<\/p><\/div> <\/div><\/div> <\/div><div  data-label=\"chiffres\" data-id=\"counters--1\" data-export-id=\"counters-2\" data-category=\"counters\" class=\"counters-2 content-section content-section-spacing\" id=\"chiffres\" style=\"background-color: rgb(255, 255, 255);\"><div  class=\"gridContainer\"> <div  class=\"row text-center\"><div  class=\"section-title-col\" data-type=\"column\"> <h2  class=\"\">Quelques chiffres\u2026<\/h2> <p  class=\"lead\">Fort de nos expertises dans le domaines de la bureautique et l\u2019informatique d\u2019entreprise, cette formule qui a rendu nos clients satisfaits, est aujourd\u2019hui au service de la t\u00e9l\u00e9phonie d\u2019entreprise.<\/p><\/div> <\/div> <div  class=\"row\" data-type=\"row\"> <div  class=\"col-xs-12 col-sm-4 text-center space-bottom\"> <i  class=\"fa icon fa-child color1\"><\/i> <h3  class=\"font-400\" data-min=\"0\" data-max=\"50\" data-duration=\"2000\" data-prefix=\"+ de \" data-suffix=\"\" data-countup=\"true\" style=\"display: inline-block;\"><\/h3> <h5  class=\"upper color2\">Collaborateurs<\/h5><\/div> <div  class=\"col-xs-12 col-sm-4 text-center space-bottom\"><i  class=\"fa fa-smile-o icon color1\"><\/i> <h3  class=\"font-400\" data-min=\"100\" data-max=\"500\" data-duration=\"2000\" data-prefix=\"+ de \" data-suffix=\"\" data-countup=\"true\" style=\"display: inline-block;\"><\/h3> <h5  class=\"upper color2\">happy clients<\/h5><\/div> <div  class=\"col-xs-12 col-sm-4 text-center space-bottom\"><i  class=\"fa fa-trophy icon color1\"><\/i> <h3  class=\"font-400\" data-min=\"0\" data-max=\"1\" data-duration=\"2000\" data-prefix=\"+ de \" data-suffix=\"\" data-countup=\"true\" style=\"display: inline-block;\"><\/h3> <h5  class=\"upper color2\">Concept brevet\u00e9\n<br >\u00e0 l\u2019INPI<\/h5><\/div> <\/div><\/div> <\/div><div  data-label=\"video\" data-id=\"content--1\" data-export-id=\"content-14\" data-category=\"content\" data-section-ov=\"1\" class=\"content-14 content-section content-section-spacing lightbox-video inverted white-text\" data-parallax-depth=\"20\" id=\"video\" style=\"background-color: rgba(255, 255, 255, 0); background-image: url(&quot;https:\/\/connec-team.fr\/wp-content\/uploads\/2021\/04\/2.jpg&quot;); background-size: cover; background-position: center top;\"><div  class=\"gridContainer\"> <div  class=\"row center-xs middle-xs\"><div  class=\"col-xs middle-xs center-xs\"> <a  data-fancybox=\"\" data-video-lightbox=\"true\" href=\"https:\/\/youtu.be\/SrRlXGfovng\" class=\"\"> <i  class=\"fa video-icon fa-play-circle-o color2\" data-cp-fa=\"true\"><\/i><\/a> <p  class=\"h2 space-top\"><span  style=\"color: rgb(154, 221, 15);\">D\u00e9couvrez le concept en vid\u00e9o<\/span><\/p><\/div> <\/div><\/div> <\/div><div  data-label=\"visite\" data-id=\"cta--1\" data-export-id=\"cta-blue-section\" data-category=\"cta\" class=\"cta-blue-section content-section content-section-spacing-medium bg-color1 white-text\" id=\"visite\"><div  class=\"gridContainer\"> <div  class=\"row middle-xs\"><div  class=\"col-sm-8 space-bottom-xs\" data-type=\"column\"> <h2  class=\"\"><span  style=\"font-weight: 400;\">Rendez-nous visite dans nos locaux !<\/span><\/h2> <\/div> <div  class=\"col-sm-4 end-sm\" data-type=\"column\"> <a class=\"button color2\" href=\"https:\/\/connec-team.fr\/index.php\/contact\" target=\"_blank\" data-cp-link=\"1\" data-icon=\"\" rel=\"noopener noreferrer\">Nous contacter<\/a><\/div> <\/div><\/div> <\/div><div  data-label=\"cartelille\" data-id=\"contact--1\" data-export-id=\"contact-4\" data-category=\"contact\" class=\"contact-4 content-section\" id=\"cartelille\" style=\"background-color: rgb(245, 250, 253);\"><div  class=\"\"> <div  class=\"row\"><div  class=\"col-xs-12 no-gutter-col\"> <div  data-content-shortcode=\"mesmerize_maps address=&quot;123 rue de cond\u00e9 Lille&quot; zoom=&quot;65&quot;\" data-editable=\"true\" class=\"\">        <div class=\"mesmerize-google-maps\" style=\"width:100%\">\n            <iframe style=\"width:100%; height:100%;min-height:inherit;display:block;\" src=\"https:\/\/maps.google.com\/maps?q=123%20rue%20de%20cond\u00e9%20Lille&#038;z=14&#038;output=embed&#038;iwloc=near\"><\/iframe>\n        <\/div>\n    <\/div><\/div> <\/div><\/div> <\/div><div  data-label=\"itandyou\" data-id=\"cta--3\" data-export-id=\"cta-centered-section-grid\" data-category=\"cta\" class=\"cta-centered-section-grid content-section content-section-spacing-medium bg-color1 white-text\" id=\"itandyou\" style=\"background-image: url(&quot;https:\/\/connec-team.fr\/wp-content\/uploads\/2021\/07\/IT-and-you.jpg&quot;); background-color: rgb(28, 37, 41); background-size: cover; background-position: center top;\"><div  class=\"gridContainer\"> <div  class=\"row text-center\"><div  class=\"col-xs-12 col-sm-10 col-sm-offset-1 col-md-8 col-md-offset-2\" data-type=\"column\"> <h2  class=\"\">D\u00e9couvrez le groupe IT &amp; You!\n<br ><span  class=\"font-300\">LA SYN\u00c9RGIE D\u2019UN GROUPE<\/span><\/h2> <p  class=\"\">4 entit\u00e9s dans l\u2019<span  style=\"font-weight: 700;\"><span  style=\"color: rgb(154, 221, 15);\">I<\/span>nnovation et la <span  style=\"color: rgb(255, 255, 255);\"><span  style=\"color: rgb(154, 221, 15);\">T<\/span>echnologie<\/span><\/span> :\n<br >NOUS ACCOMPAGNONS LES ENTREPRISES DANS LA TRANSITION NUMERIQUE &amp; DIGITALE<\/p> <img decoding=\"async\"  class=\"custom-image\" src=\"https:\/\/connec-team.fr\/wp-content\/uploads\/2023\/06\/LOGOS-GROUPE-1.png\" alt=\"\" title=\"LOGOS GROUPE\"><a class=\"button color2\" href=\"http:\/\/www.it-and-you.fr\" target=\"_self\" data-cp-link=\"1\" data-icon=\"\" rel=\"noopener noreferrer\">Le groupe IT &amp; You<\/a><\/div> <\/div><\/div> <\/div><div  data-label=\"Contact\" data-id=\"contact--2\" data-export-id=\"contact-4\" data-category=\"contact\" class=\"contact-4 content-section white-text\" id=\"contact-1\" style=\"background-color: rgb(255, 255, 255);\"><div  class=\"\"> <div  class=\"row\"><div  class=\"col-xs-12 no-gutter-col\"> <div  data-content-shortcode=\"mesmerize_maps zoom=&quot;65&quot; shortcode=&quot;&amp;amp;lt;script src=&amp;amp;quot;https:\/\/apps.elfsight.com\/p\/platform.js&amp;amp;quot; defer&amp;amp;gt;&amp;amp;lt;\/script&amp;amp;gt; &amp;amp;lt;div class=&amp;amp;quot;elfsight-app-79175bf5-a4eb-41cf-bce8-e8695dc5fbd8&amp;amp;quot;&amp;amp;gt;&amp;amp;lt;\/div&amp;amp;gt;&quot;\" data-editable=\"true\" class=\"\">[<script src=\"https:\/\/apps.elfsight.com\/p\/platform.js\" defer><\/script> <div class=\"elfsight-app-79175bf5-a4eb-41cf-bce8-e8695dc5fbd8\"><\/div>]<\/div><\/div> <\/div><\/div> <\/div>","protected":false},"excerpt":{"rendered":"<p>Facilitez la gestion des \u00e9changes \u00e0 travers des outils de communication efficaces : D\u00e9couvrez nos concept pour communiquer efficacement\u200b Planifier une d\u00e9monstration LIEN INTERNET &amp; CONNEXION Des offres op\u00e9rateurs professionnelles avec un d\u00e9ploiement rapide et efficace via ConnecTeam @Link.ConnecTeam @LINK SYSTEME TELEPHONIQUE via Internet Une t\u00e9l\u00e9phonie enti\u00e8rement nouvelle via Internet incluant t\u00e9l\u00e9phonie, conf\u00e9rence vid\u00e9o, fax&hellip; <br \/> <a class=\"read-more\" href=\"https:\/\/connec-team.fr\/\">Read more<\/a><\/p>\n","protected":false},"author":1,"featured_media":0,"parent":0,"menu_order":0,"comment_status":"closed","ping_status":"closed","template":"page-templates\/homepage.php","meta":[],"_links":{"self":[{"href":"https:\/\/connec-team.fr\/index.php\/wp-json\/wp\/v2\/pages\/6"}],"collection":[{"href":"https:\/\/connec-team.fr\/index.php\/wp-json\/wp\/v2\/pages"}],"about":[{"href":"https:\/\/connec-team.fr\/index.php\/wp-json\/wp\/v2\/types\/page"}],"author":[{"embeddable":true,"href":"https:\/\/connec-team.fr\/index.php\/wp-json\/wp\/v2\/users\/1"}],"replies":[{"embeddable":true,"href":"https:\/\/connec-team.fr\/index.php\/wp-json\/wp\/v2\/comments?post=6"}],"version-history":[{"count":57,"href":"https:\/\/connec-team.fr\/index.php\/wp-json\/wp\/v2\/pages\/6\/revisions"}],"predecessor-version":[{"id":446,"href":"https:\/\/connec-team.fr\/index.php\/wp-json\/wp\/v2\/pages\/6\/revisions\/446"}],"wp:attachment":[{"href":"https:\/\/connec-team.fr\/index.php\/wp-json\/wp\/v2\/media?parent=6"}],"curies":[{"name":"wp","href":"https:\/\/api.w.org\/{rel}","templated":true}]}}