{"id":103,"date":"2020-09-22T10:19:56","date_gmt":"2020-09-22T08:19:56","guid":{"rendered":"http:\/\/connec-team.fr\/?page_id=103"},"modified":"2023-06-20T18:39:34","modified_gmt":"2023-06-20T16:39:34","slug":"connecteam-mobility","status":"publish","type":"page","link":"https:\/\/connec-team.fr\/index.php\/connecteam-mobility\/","title":{"rendered":"Connec\u2019 @MOBILITY"},"content":{"rendered":"<div  data-label=\"telephonie\" data-id=\"content--1\" data-export-id=\"content-5-2\" data-category=\"content\" class=\"content-5-2 content-section content-section-spacing\" id=\"telephonie\" style=\"background-color: rgb(255, 255, 255);\"><div  class=\"gridContainer\"> <div  class=\"row text-center\"><div  class=\"section-title-col\" data-type=\"column\"><img decoding=\"async\"  class=\"custom-image\" src=\"https:\/\/connec-team.fr\/wp-content\/uploads\/2023\/06\/cropped-Connec-Noir-By-Phone-IT-\u00a9-2.png\" title=\"cropped-Connec-Noir-By-Phone-IT-\u00a9-2.png\" alt=\"\">  <\/div> <\/div> <div  class=\"row middle-sm\"> <div  class=\"col-sm-6 flexbox around-xs top-xs\"> <div  class=\"overlay-box flexbox middle-xs center-xs overlay-holder\"> <div  class=\"overlay-box-offset shadow-medium bg-color2 hide-xs offset-border\"><\/div> <img decoding=\"async\"  class=\"flexbox shadow-large img1\" data-size=\"485x632\" src=\"https:\/\/connec-team.fr\/wp-content\/uploads\/2020\/09\/cropped-hassan-ouajbir-IYU_YmMRm7s-unsplash-scaled-1.jpg\" alt=\"\" title=\"cropped-hassan-ouajbir-IYU_YmMRm7s-unsplash-scaled-1.jpg\"><\/div> <\/div> <div  class=\"col-sm-6 space-bottom-xs first-xs last-sm\"> <div  class=\"row space-bottom content-holder content-center-sm\" data-type=\"column\"> <h3  class=\"color2\">TELEPHONIE MOBILE<\/h3> <p  class=\"\">En tant qu\u2019op\u00e9rateur de qualit\u00e9, le groupe IT &amp; You s\u2019appuie sur les meilleures infrastructures de r\u00e9seaux mobiles.\n<br ><br ><br >\nPossibilit\u00e9 de migrer d\u2019un r\u00e9seau \u00e0 un autre\u200b, ce qui vous permet d\u2019obtenir le meilleur signal, en fonction de votre localisation !<\/p><\/div> <div  class=\"row space-bottom center-sm content-center-sm\" data-type=\"row\"><div  class=\"col-sm-6 space-bottom\"> <i  class=\"fa icon medium fa-signal color1\"><\/i> <h5  class=\"\">B\u00e9n\u00e9ficiez du meilleur r\u00e9seau Data<\/h5> <p  class=\"\">Echangez en toute fiabilit\u00e9, rapidement, de n\u2019importe o\u00f9.<\/p><\/div> <div  class=\"col-sm-6\"><i  class=\"fa icon medium fa-cogs color1\"><\/i> <h5  class=\"\">Offre sur-mesure\n<br >\u00e9volutive<\/h5> <p  class=\"\">Libert\u00e9 totale et \u00e9volutivit\u00e9 de vos offres en fonction de vos besoins<\/p><\/div> <div  class=\"col-sm-6 space-bottom\"><i  class=\"fa icon medium fa-mobile-phone color1\"><\/i> <h5  class=\"\">Gamme de smartphones entreprises<\/h5> <p  class=\"\">Nous disposons du t\u00e9l\u00e9phone mobile adapt\u00e9 \u00e0 vos besoins.<\/p><\/div> <div  class=\"col-sm-6\"><i  class=\"fa icon medium fa-comments-o color1\"><\/i> <h5  class=\"\">Une \u00e9quipe\n<br >d\u2019experts<\/h5> <p  class=\"\">Les \u00e9quipes IT &amp; You sont disponible en permanence.<\/p><\/div> <\/div><\/div> <\/div><\/div> <\/div><div  data-label=\"Cta\" data-id=\"cta--1\" data-export-id=\"cta-blue-section\" data-category=\"cta\" class=\"cta-blue-section content-section content-section-spacing-medium bg-color1 white-text\" id=\"cta-1\"><div  class=\"gridContainer\"> <div  class=\"row middle-xs\"><div  class=\"col-sm-8 space-bottom-xs\" data-type=\"column\"> <h2  class=\"\">Vous souhaitez en savoir plus ?<\/h2> <\/div> <div  class=\"col-sm-4 end-sm\" data-type=\"column\"> <a class=\"button color2\" href=\"https:\/\/connec-team.fr\/index.php\/contact\" target=\"_blank\" data-cp-link=\"1\" data-icon=\"\" rel=\"noopener noreferrer\">Plus d\u2019informations<\/a><\/div> <\/div><\/div> <\/div><div  data-label=\"Content\" data-id=\"content--2\" data-export-id=\"content-14\" data-category=\"content\" data-section-ov=\"1\" class=\"content-14 content-section content-section-spacing lightbox-video inverted white-text\" data-parallax-depth=\"20\" id=\"content-1\" style=\"background-color: rgb(255, 255, 255); background-image: url(&quot;https:\/\/connec-team.fr\/wp-content\/uploads\/2021\/04\/2.jpg&quot;); background-size: cover; background-position: center top;\"><div  class=\"gridContainer\"> <div  class=\"row center-xs middle-xs\"><div  class=\"col-xs middle-xs center-xs\"> <a  data-fancybox=\"\" data-video-lightbox=\"true\" href=\"https:\/\/youtu.be\/SrRlXGfovng\" class=\"\"> <i  class=\"fa video-icon fa-play-circle-o color2\" data-cp-fa=\"true\"><\/i><\/a> <p  class=\"h2 space-top\"><span  style=\"color: rgb(154, 221, 15);\">Une solution de couverture r\u00e9seau adapt\u00e9e<\/span><br ><span  style=\"color: rgb(154, 221, 15);\">\n\u00e0 vos besoins et ceux de vos \u00e9quipes.<\/span><\/p><\/div> <\/div><\/div> <\/div>","protected":false},"excerpt":{"rendered":"<p>TELEPHONIE MOBILE En tant qu\u2019op\u00e9rateur de qualit\u00e9, le groupe IT &amp; You s\u2019appuie sur les meilleures infrastructures de r\u00e9seaux mobiles. Possibilit\u00e9 de migrer d\u2019un r\u00e9seau \u00e0 un autre\u200b, ce qui vous permet d\u2019obtenir le meilleur signal, en fonction de votre localisation ! B\u00e9n\u00e9ficiez du meilleur r\u00e9seau Data Echangez en toute fiabilit\u00e9, rapidement, de n\u2019importe o\u00f9.&hellip; <br \/> <a class=\"read-more\" href=\"https:\/\/connec-team.fr\/index.php\/connecteam-mobility\/\">Read more<\/a><\/p>\n","protected":false},"author":1,"featured_media":0,"parent":0,"menu_order":0,"comment_status":"closed","ping_status":"closed","template":"pro\/page-templates\/full-width-page.php","meta":[],"_links":{"self":[{"href":"https:\/\/connec-team.fr\/index.php\/wp-json\/wp\/v2\/pages\/103"}],"collection":[{"href":"https:\/\/connec-team.fr\/index.php\/wp-json\/wp\/v2\/pages"}],"about":[{"href":"https:\/\/connec-team.fr\/index.php\/wp-json\/wp\/v2\/types\/page"}],"author":[{"embeddable":true,"href":"https:\/\/connec-team.fr\/index.php\/wp-json\/wp\/v2\/users\/1"}],"replies":[{"embeddable":true,"href":"https:\/\/connec-team.fr\/index.php\/wp-json\/wp\/v2\/comments?post=103"}],"version-history":[{"count":18,"href":"https:\/\/connec-team.fr\/index.php\/wp-json\/wp\/v2\/pages\/103\/revisions"}],"predecessor-version":[{"id":460,"href":"https:\/\/connec-team.fr\/index.php\/wp-json\/wp\/v2\/pages\/103\/revisions\/460"}],"wp:attachment":[{"href":"https:\/\/connec-team.fr\/index.php\/wp-json\/wp\/v2\/media?parent=103"}],"curies":[{"name":"wp","href":"https:\/\/api.w.org\/{rel}","templated":true}]}}