{"id":100,"date":"2020-09-22T10:19:38","date_gmt":"2020-09-22T08:19:38","guid":{"rendered":"http:\/\/connec-team.fr\/?page_id=100"},"modified":"2023-06-20T18:36:53","modified_gmt":"2023-06-20T16:36:53","slug":"connecteam-cloud","status":"publish","type":"page","link":"https:\/\/connec-team.fr\/index.php\/connecteam-cloud\/","title":{"rendered":"Connec&rsquo; @CLOUD"},"content":{"rendered":"<div  data-label=\"About\" data-id=\"about--1\" data-export-id=\"about-10\" data-category=\"about\" class=\"about-10 content-section content-section-spacing\" id=\"about-1\" style=\"background-color: rgb(255, 255, 255);\"><div  class=\"gridContainer\"> <div  class=\"row middle-sm text-center\"><div  class=\"col-sm-5 space-bottom-xs content-column\" data-type=\"column\"> <h5  class=\"\">SYSTEME<br >\nTELEPHONIQUE<br ><span  style=\"color: rgb(154, 221, 15); font-weight: 300;\">\nheb\u00e9rg\u00e9 dans le Cloud<\/span><\/h5>  <img  decoding=\"async\" class=\"custom-image\" src=\"https:\/\/connec-team.fr\/wp-content\/uploads\/2023\/06\/cropped-Connec-Noir-By-Phone-IT-\u00a9-4.png\" alt=\"\" title=\"cropped-Connec-Noir-By-Phone-IT-\u00a9-4.png\"><p  class=\"\">\n<br >Unifiez votre t\u00e9l\u00e9phonie avec conversations, messagerie instantan\u00e9e, vid\u00e9oconf\u00e9rences, groupes de travail\u2026 <br >\u200b<\/p> <a class=\"button color1\" href=\"https:\/\/connec-team.fr\/index.php\/contact\" target=\"_blank\" data-cp-link=\"1\" data-icon=\"\" rel=\"noopener noreferrer\">Demandez une d\u00e9monstration<\/a><\/div> <div  class=\"col-sm-7 flexbox middle-xs center-xs space-bottom-xs\"><div  class=\"overlay-box middle-xs center-xs flexbox\"> <div  class=\"overlay-box-offset offset-border shadow-medium border-color1 hide-xs\"><\/div> <img  decoding=\"async\" class=\"shadow-large\" data-size=\"485x705\" src=\"https:\/\/connec-team.fr\/wp-content\/uploads\/2020\/09\/cropped-luis-villasmil-4V8uMZx8FYA-unsplash-scaled-1.jpg\" alt=\"\" title=\"cropped-luis-villasmil-4V8uMZx8FYA-unsplash-scaled-1.jpg\"><\/div> <\/div><\/div> <\/div><\/div><div  data-label=\"Cta\" data-id=\"cta--2\" data-export-id=\"cta-blue-section\" data-category=\"cta\" class=\"cta-blue-section content-section content-section-spacing-medium bg-color1 white-text\" id=\"cta-2\"><div  class=\"gridContainer\"> <div  class=\"row middle-xs\"><div  class=\"col-sm-8 space-bottom-xs\" data-type=\"column\"> <h2  class=\"\">T\u00e9l\u00e9charger notre documentation<\/h2> <\/div> <div  class=\"col-sm-4 end-sm\" data-type=\"column\"> <a class=\"button color2\" href=\"https:\/\/connec-team.fr\/wp-content\/uploads\/2021\/04\/A4ConnecTeamRoVo.pdf\" target=\"_blank\" data-cp-link=\"1\" data-icon=\"fa-download\" rel=\"noopener\"><span  class=\"button-icon fa fa-download\"><\/span>En savoir plus<\/a><\/div> <\/div><\/div> <\/div><div  data-label=\"Pricing\" data-id=\"pricing--1\" data-export-id=\"pricing-3\" data-category=\"pricing\" data-featured-class=\"pricing-featured\" class=\"pricing-3 content-section content-section-spacing dark-text\" id=\"pricing-1\" style=\"background-color: rgb(255, 255, 255); background-image: none;\"><div  class=\"gridContainer\"> <div  class=\"row middle-sm\"><div  class=\"col-xs-12 col-sm-4 col-padding-xs\" data-type=\"column\"> <h2  class=\"\">Les fonctionnalit\u00e9s\u200b<\/h2> <img  decoding=\"async\" class=\"custom-image\" src=\"https:\/\/connec-team.fr\/wp-content\/uploads\/2023\/06\/cropped-cropped-Connec-Noir-By-Phone-IT-\u00a9.png\" alt=\"\" title=\"cropped-cropped-Connec-Noir-By-Phone-IT-\u00a9.png\"><\/div> <div  class=\"col-xs-12 col-sm-8\"><div  class=\"row middle-sm spaced-cols\" data-type=\"row\"> <div  data-default=\"no-class\" data-featured=\"shadow-large\" class=\"col-xs-12 col-sm-6 card-replacer text-center pos-rel\"><div  class=\"top-right-triangle color2\" data-fixed=\"true\"><\/div> <h5  class=\"upper\">Fonctions\n<br >de base<\/h5> <i  class=\"fa icon round-background fa-cloud reverse round big color2\"><\/i>   <ul  class=\"unstyled stared decoration-color1 text-center black\"><li >\u200b  Messagerie unifi\u00e9e<\/li><li >T\u00e9l\u00e9phonie\u200b<\/li><li >Mobilit\u00e9<\/li><li >Conf\u00e9rence\u200b<\/li><li >Collaboration<\/li><li >Statut de l\u2019utilisateur<\/li><li >Clik-to-call<\/li><li >Call-jump\u200b<\/li><li >Softphone \/ Application mobile<\/li><\/ul> <a data-default=\"color1\" data-featured=\"color2\" class=\"button upper y-move color1\" href=\"#\" target=\"_blank\" data-cp-link=\"1\" data-icon=\"\" rel=\"noopener noreferrer\">Planifiez une d\u00e9monstration<\/a><\/div> <div  data-default=\"no-class\" data-featured=\"shadow-large\" class=\"col-xs-12 col-sm-6 card-replacer text-center pos-rel pricing-featured shadow-large\"><div  class=\"top-right-triangle color2\" data-fixed=\"true\"><\/div> <h5  class=\"upper\">Fonctions\n<br >avanc\u00e9es\u200b<\/h5> <i  class=\"fa icon round-background fa-rocket reverse round big color2\"><\/i>   <ul  class=\"unstyled stared decoration-color1 text-center black\"><li >Vid\u00e9oconf\u00e9rences\u200b<\/li><li >Contact Center\u200b<\/li><li >Enregistrement des communications\u200b<\/li><li >Serveur vocal\u200b<\/li><li >Webinar\u200b<\/li><li >Gestion de pr\u00e9sence<\/li><li >Call analytics\u200b<\/li><li >Gestion horaire des renvois d\u2019appels<\/li><\/ul> <a data-default=\"color1\" data-featured=\"color2\" class=\"button upper y-move color2\" href=\"https:\/\/connec-team.fr\/wp-content\/uploads\/2020\/09\/CONNECTEAM-@CLOUD.pdf\" target=\"_blank\" data-cp-link=\"1\" data-icon=\"\" rel=\"noopener noreferrer\">En savoir plus sur les fonctionnalit\u00e9s avanc\u00e9es<\/a><\/div> <\/div><\/div> <\/div><\/div> <\/div><div  data-label=\"Cta\" data-id=\"cta--1\" data-export-id=\"cta-centered-bg-section\" data-category=\"cta\" data-section-ov=\"1\" class=\"cta-centered-bg-section content-section content-section-spacing-medium white-text\" data-parallax-depth=\"20\" id=\"cta-1\" style=\"background-color: rgb(255, 255, 255); background-image: url(&quot;https:\/\/connec-team.fr\/wp-content\/uploads\/2021\/04\/1.jpg&quot;); background-size: cover; background-position: center top;\"><div  class=\"gridContainer\"> <div  class=\"row text-center\"><div  data-type=\"column\" class=\"\"> <h2  class=\"\">Pour profiter<br >\nde cette opportunit\u00e9 ?<\/h2> <a class=\"button color2\" href=\"tel:0320303870\" target=\"_self\" data-cp-link=\"1\" data-icon=\"\" rel=\"noopener\">Contactez-nous !<\/a><\/div> <\/div><\/div> <\/div><div  data-label=\"Features\" data-id=\"features--2\" data-export-id=\"features-6\" data-category=\"features\" class=\"features-6 content-section-spacing\" id=\"features-2\" style=\"background-color: rgb(255, 255, 255); background-image: none;\"><div  class=\"gridContainer\"> <div  class=\"row text-center\"><div  class=\"section-title-col\" data-type=\"column\"> <h2  class=\"\">Comment fonctionne<br >\nConnec\u2019 @CLOUD ?<\/h2> <p  class=\"lead\">Le concept donne acc\u00e8s \u00e0 des fonctionnalit\u00e9s avanc\u00e9es et fonctionne via un h\u00e9b\u00e9rgement dans le CLOUD.<\/p><\/div> <\/div> <div  data-type=\"row\" class=\"row space-bottom\"> <div  class=\"col-xs-12 col-sm-4 col-padding-small-xs\"> <div  class=\"row\"> <div  class=\"col-xs-fit\"> <p  class=\"oval color2\"><span  style=\"color: rgb(154, 221, 15);\">1<\/span><\/p><\/div> <div  class=\"col-xs left-text\" data-type=\"column\"><h4  class=\"color2\"><span  style=\"color: rgb(154, 221, 15);\">Equipements\n<br >utilisateurs<\/span><span  id=\"_mce_caret\" data-mce-bogus=\"1\" data-mce-type=\"format-caret\"><span  style=\"color: rgb(154, 221, 15);\">\ufeff<\/span><\/span><\/h4><img  decoding=\"async\" class=\"custom-image\" src=\"https:\/\/connec-team.fr\/wp-content\/uploads\/2020\/09\/1-1.png\" alt=\"\" title=\"1\"> <p  class=\"\">Acc\u00e9dez \u00e0 vos fonctionnalit\u00e9s sur tous types d\u2019\u00e9crans : mobiles IOS et Android, PC, MAC, Tablettes et vos devices fixes.<\/p><\/div> <\/div><\/div> <div  class=\"col-xs-12 col-sm-4 col-padding-small-xs\"><div  class=\"row\"> <div  class=\"col-xs-fit\"><p  class=\"oval color2\"><span  style=\"color: rgb(154, 221, 15);\">2<\/span><span  id=\"_mce_caret\" data-mce-bogus=\"1\" data-mce-type=\"format-caret\"><span  style=\"color: rgb(154, 221, 15);\">\ufeff<\/span><\/span><\/p><\/div> <div  class=\"col-xs left-text\" data-type=\"column\"><h4  class=\"color2\"><span  style=\"color: rgb(154, 221, 15);\">Serveur t\u00e9l\u00e9phonique\n<br >heb\u00e9rg\u00e9 en FRANCE<\/span><\/h4><img  decoding=\"async\" class=\"custom-image\" src=\"https:\/\/connec-team.fr\/wp-content\/uploads\/2023\/06\/Connec-Noir-By-Phone-IT-\u00a9-5.png\" alt=\"\" title=\"Connec Noir By Phone-IT \u00a9\"> <p  class=\"\">Convertir un syst\u00e8me de t\u00e9l\u00e9phonie au cloud permet de b\u00e9n\u00e9ficier de fonctionnalit\u00e9s pouss\u00e9es, habituellement r\u00e9serv\u00e9es aux grandes entreprises.<\/p><\/div> <\/div><\/div> <div  class=\"col-xs-12 col-sm-4 col-padding-small-xs\"><div  class=\"row\"> <div  class=\"col-xs-fit\"><p  class=\"oval color2\"><span  style=\"color: rgb(154, 221, 15);\">3<\/span><\/p><\/div> <div  class=\"col-xs left-text\" data-type=\"column\"><h4  class=\"color2\"><span  style=\"color: rgb(154, 221, 15);\">R\u00e9seau\n<\/span><br ><span  style=\"color: rgb(154, 221, 15);\">mondial<\/span><\/h4> <img  decoding=\"async\" class=\"custom-image\" src=\"https:\/\/connec-team.fr\/wp-content\/uploads\/2020\/09\/3-1.png\" alt=\"\" title=\"3\"><p  class=\"\">T\u00e9l\u00e9phonez et synchronisez votre t\u00e9l\u00e9phonie d\u2019entreprise o\u00f9 que vous soyez dans le monde.<\/p><\/div> <\/div><\/div> <\/div> <div  class=\"row\"> <div  data-type=\"column\" class=\"col-xs-12 text-center\"><a class=\"button color2\" href=\"https:\/\/connec-team.fr\/wp-content\/uploads\/2020\/09\/CONNECTEAM-@CLOUD.pdf\" target=\"_blank\" data-cp-link=\"1\" data-icon=\"\" rel=\"noopener noreferrer\">En savoir plus<\/a> <\/div> <\/div><\/div> <\/div><div  data-label=\"Content\" data-id=\"content--1\" data-export-id=\"content-14\" data-category=\"content\" data-section-ov=\"1\" class=\"content-14 content-section content-section-spacing lightbox-video inverted white-text\" data-parallax-depth=\"20\" id=\"content-1\" style=\"background-color: rgb(245, 250, 253); background-image: url(&quot;https:\/\/connec-team.fr\/wp-content\/uploads\/2021\/04\/2.jpg&quot;); background-size: cover; background-position: center top;\"><div  class=\"gridContainer\"> <div  class=\"row center-xs middle-xs\"><div  class=\"col-xs middle-xs center-xs\"> <a  data-fancybox=\"\" data-video-lightbox=\"true\" href=\"https:\/\/youtu.be\/SrRlXGfovng\" class=\"\"> <i  class=\"fa video-icon fa-play-circle-o color2\" data-cp-fa=\"true\"><\/i><\/a> <p  class=\"h2 space-top\"><span  style=\"color: rgb(154, 221, 15);\">D\u00e9couvrez le concept en vid\u00e9o<\/span><\/p><\/div> <\/div><\/div> <\/div>","protected":false},"excerpt":{"rendered":"<p>SYSTEME TELEPHONIQUE heb\u00e9rg\u00e9 dans le Cloud Unifiez votre t\u00e9l\u00e9phonie avec conversations, messagerie instantan\u00e9e, vid\u00e9oconf\u00e9rences, groupes de travail\u2026 \u200b Demandez une d\u00e9monstration T\u00e9l\u00e9charger notre documentation En savoir plus Les fonctionnalit\u00e9s\u200b Fonctions de base \u200b Messagerie unifi\u00e9eT\u00e9l\u00e9phonie\u200bMobilit\u00e9Conf\u00e9rence\u200bCollaborationStatut de l\u2019utilisateurClik-to-callCall-jump\u200bSoftphone \/ Application mobile Planifiez une d\u00e9monstration Fonctions avanc\u00e9es\u200b Vid\u00e9oconf\u00e9rences\u200bContact Center\u200bEnregistrement des communications\u200bServeur vocal\u200bWebinar\u200bGestion de pr\u00e9senceCall analytics\u200bGestion horaire des&hellip; <br \/> <a class=\"read-more\" href=\"https:\/\/connec-team.fr\/index.php\/connecteam-cloud\/\">Read more<\/a><\/p>\n","protected":false},"author":1,"featured_media":0,"parent":0,"menu_order":0,"comment_status":"closed","ping_status":"closed","template":"pro\/page-templates\/full-width-page.php","meta":[],"_links":{"self":[{"href":"https:\/\/connec-team.fr\/index.php\/wp-json\/wp\/v2\/pages\/100"}],"collection":[{"href":"https:\/\/connec-team.fr\/index.php\/wp-json\/wp\/v2\/pages"}],"about":[{"href":"https:\/\/connec-team.fr\/index.php\/wp-json\/wp\/v2\/types\/page"}],"author":[{"embeddable":true,"href":"https:\/\/connec-team.fr\/index.php\/wp-json\/wp\/v2\/users\/1"}],"replies":[{"embeddable":true,"href":"https:\/\/connec-team.fr\/index.php\/wp-json\/wp\/v2\/comments?post=100"}],"version-history":[{"count":29,"href":"https:\/\/connec-team.fr\/index.php\/wp-json\/wp\/v2\/pages\/100\/revisions"}],"predecessor-version":[{"id":452,"href":"https:\/\/connec-team.fr\/index.php\/wp-json\/wp\/v2\/pages\/100\/revisions\/452"}],"wp:attachment":[{"href":"https:\/\/connec-team.fr\/index.php\/wp-json\/wp\/v2\/media?parent=100"}],"curies":[{"name":"wp","href":"https:\/\/api.w.org\/{rel}","templated":true}]}}